{"id":15592,"date":"2024-04-19T12:46:24","date_gmt":"2024-04-19T12:46:24","guid":{"rendered":"https:\/\/aimdoll.com\/?page_id=15592"},"modified":"2024-04-24T12:42:10","modified_gmt":"2024-04-24T12:42:10","slug":"about-us","status":"publish","type":"page","link":"https:\/\/sakidoll.com\/fi\/meista\/","title":{"rendered":"Meist\u00e4"},"content":{"rendered":"<div data-elementor-type=\"wp-page\" data-elementor-id=\"15592\" class=\"elementor elementor-15592\" data-elementor-post-type=\"page\">\n\t\t\t\t\t\t<section class=\"wd-negative-gap elementor-section elementor-top-section elementor-element elementor-element-63ccb5ca space-xlg elementor-section-boxed elementor-section-height-default elementor-section-height-default\" data-id=\"63ccb5ca\" data-element_type=\"section\">\n\t\t\t\t\t\t<div class=\"elementor-container elementor-column-gap-default\">\n\t\t\t\t\t<div class=\"elementor-column elementor-col-100 elementor-top-column elementor-element elementor-element-7328e9f9\" data-id=\"7328e9f9\" data-element_type=\"column\">\n\t\t\t<div class=\"elementor-widget-wrap elementor-element-populated\">\n\t\t\t\t\t\t<div class=\"elementor-element elementor-element-65436a36 m-t-n-xs mb-5 elementor-widget elementor-widget-heading\" data-id=\"65436a36\" data-element_type=\"widget\" data-widget_type=\"heading.default\">\n\t\t\t\t<div class=\"elementor-widget-container\">\n\t\t\t<style>\/*! elementor - v3.21.0 - 15-04-2024 *\/\n.elementor-heading-title{padding:0;margin:0;line-height:1}.elementor-widget-heading .elementor-heading-title[class*=elementor-size-]>a{color:inherit;font-size:inherit;line-height:inherit}.elementor-widget-heading .elementor-heading-title.elementor-size-small{font-size:15px}.elementor-widget-heading .elementor-heading-title.elementor-size-medium{font-size:19px}.elementor-widget-heading .elementor-heading-title.elementor-size-large{font-size:29px}.elementor-widget-heading .elementor-heading-title.elementor-size-xl{font-size:39px}.elementor-widget-heading .elementor-heading-title.elementor-size-xxl{font-size:59px}<\/style><h2 class=\"elementor-heading-title elementor-size-default\">TIETOJA AINODOLLISTA<\/h2>\t\t<\/div>\n\t\t\t\t<\/div>\n\t\t\t\t<div class=\"elementor-element elementor-element-596e654d mb-4 elementor-widget elementor-widget-heading\" data-id=\"596e654d\" data-element_type=\"widget\" data-widget_type=\"heading.default\">\n\t\t\t\t<div class=\"elementor-widget-container\">\n\t\t\t<h3 class=\"elementor-heading-title elementor-size-default\">Keit\u00e4 olemme<\/h3>\t\t<\/div>\n\t\t\t\t<\/div>\n\t\t\t\t<section class=\"elementor-section elementor-inner-section elementor-element elementor-element-7fd9f02d elementor-section-full_width elementor-section-height-default elementor-section-height-default\" data-id=\"7fd9f02d\" data-element_type=\"section\">\n\t\t\t\t\t\t<div class=\"elementor-container elementor-column-gap-default\">\n\t\t\t\t\t<div class=\"elementor-column elementor-col-100 elementor-inner-column elementor-element elementor-element-6e5a7277\" data-id=\"6e5a7277\" data-element_type=\"column\">\n\t\t\t<div class=\"elementor-widget-wrap elementor-element-populated\">\n\t\t\t\t\t\t<div class=\"elementor-element elementor-element-4f47d2b8 color-scheme-inherit text-left elementor-widget elementor-widget-text-editor\" data-id=\"4f47d2b8\" data-element_type=\"widget\" data-widget_type=\"text-editor.default\">\n\t\t\t\t<div class=\"elementor-widget-container\">\n\t\t\t<style>\/*! elementor - v3.21.0 - 15-04-2024 *\/\n.elementor-widget-text-editor.elementor-drop-cap-view-stacked .elementor-drop-cap{background-color:#69727d;color:#fff}.elementor-widget-text-editor.elementor-drop-cap-view-framed .elementor-drop-cap{color:#69727d;border:3px solid;background-color:transparent}.elementor-widget-text-editor:not(.elementor-drop-cap-view-default) .elementor-drop-cap{margin-top:8px}.elementor-widget-text-editor:not(.elementor-drop-cap-view-default) .elementor-drop-cap-letter{width:1em;height:1em}.elementor-widget-text-editor .elementor-drop-cap{float:left;text-align:center;line-height:1;font-size:50px}.elementor-widget-text-editor .elementor-drop-cap-letter{display:inline-block}<\/style>\t\t\t\t<p>Ainodoll.com on mini-seksinukkien virallinen verkkosivusto. Olemme Sex Dolls Team Kiinasta ja meill\u00e4 on 6 vuoden kokemus seksinukkejen myynnist\u00e4 verkossa. T\u00e4ll\u00e4 hetkell\u00e4 miniseksinukkejamme myyd\u00e4\u00e4n p\u00e4\u00e4asiassa Pohjois-Amerikkaan, Eurooppaan, Japaniin ja Australiaan.<\/p>\t\t\t\t\t\t<\/div>\n\t\t\t\t<\/div>\n\t\t\t\t\t<\/div>\n\t\t<\/div>\n\t\t\t\t\t<\/div>\n\t\t<\/section>\n\t\t\t\t<div class=\"elementor-element elementor-element-1a33b11d m-b-xl elementor-widget elementor-widget-heading\" data-id=\"1a33b11d\" data-element_type=\"widget\" data-widget_type=\"heading.default\">\n\t\t\t\t<div class=\"elementor-widget-container\">\n\t\t\t<h2 class=\"elementor-heading-title elementor-size-default\">Miksi valita meid\u00e4t<\/h2>\t\t<\/div>\n\t\t\t\t<\/div>\n\t\t\t\t<section class=\"elementor-section elementor-inner-section elementor-element elementor-element-404f4648 elementor-section-full_width mb-4 pb-1 elementor-section-height-default elementor-section-height-default\" data-id=\"404f4648\" data-element_type=\"section\">\n\t\t\t\t\t\t<div class=\"elementor-container elementor-column-gap-default\">\n\t\t\t\t\t<div class=\"elementor-column elementor-col-100 elementor-inner-column elementor-element elementor-element-6a15efb2\" data-id=\"6a15efb2\" data-element_type=\"column\">\n\t\t\t<div class=\"elementor-widget-wrap elementor-element-populated\">\n\t\t\t\t\t\t<div class=\"elementor-element elementor-element-f38a1ea color-scheme-inherit text-left elementor-widget elementor-widget-text-editor\" data-id=\"f38a1ea\" data-element_type=\"widget\" data-widget_type=\"text-editor.default\">\n\t\t\t\t<div class=\"elementor-widget-container\">\n\t\t\t\t\t\t\t<h5>*100% Aidot, sertifioidut alkuper\u00e4iset tehtaan seksinuket<\/h5><p>Ammattimaisena miniseksinukketoimittajana tarjoamme vain korkealaatuisia nukketuotteita ja teemme yhteisty\u00f6t\u00e4 sellaisten valmistajien kanssa, jotka t\u00e4ytt\u00e4v\u00e4t laatuvaatimukset, kuten WM Dolls, Irontech Doll, 6Ye Doll jne.<br \/>Tied\u00e4mme, mit\u00e4 haluat, kun ostat laadukkaan seksinuken, ja meill\u00e4 on valikoima todenmukaisia seksinukkeja juuri sinulle. Nukkemme ovat seurausta tarkasta suunnittelusta, joka tekee niist\u00e4 j\u00e4nnitt\u00e4vi\u00e4 ja stimuloivia k\u00e4ytt\u00e4\u00e4. Rakkausnukkemme ovat k\u00e4sin veist\u00e4neet ammattilaiset, jotka k\u00e4ytt\u00e4v\u00e4t paljon aikaa tuodakseen esiin jokaisen yksityiskohdan. Me ainodollilla olemme ylpeit\u00e4 kiinnitt\u00e4misest\u00e4mme yksityiskohtiin ja tuotteiden laatuun ja takaamme siten asiakastyytyv\u00e4isyytemme.<\/p><h5>*Valtava nukkekokoelma (2000+ mininukkea)<\/h5><p>Nukketehtaamme kehitt\u00e4\u00e4 uusia malleja lis\u00e4t\u00e4kseen uusia rakkausnukkeja joka viikko. Valittavana on niin monia runkoja ja p\u00e4\u00e4tyylej\u00e4, joten kaikki on mahdollista! Suurista, ylellisist\u00e4 malleista ohuisiin ja kettereihin tytt\u00f6ihin, jokaiseen makuun voidaan vastata. Se sis\u00e4lt\u00e4\u00e4 my\u00f6s joitain eksoottisia rakastajiamme, mukaan lukien haltioiden kaunottaret ja pulleat \u00e4idit. Vaihdettavien p\u00e4iden ansiosta ei ole koskaan ollut n\u00e4in helppoa sekoittaa asioita ja kokeilla jotain uutta!<\/p><h5>*Turvallinen maksu<\/h5><p>Sivustomme on SSL-salattu ja k\u00e4yt\u00e4mme my\u00f6s PayPalia yksityisyytesi ja turvallisuutesi takaamiseksi. Emme k\u00e4sittele tilaustasi ennen kuin olemme vahvistaneet, ett\u00e4 maksutietosi ovat oikein. Kaikki toimitetut pankkitapahtumamme eiv\u00e4t perustu tuotteen luonteeseen. Olemme sitoutuneet tarjoamaan korkeimman tason tietosuojaa emmek\u00e4 koskaan paljasta henkil\u00f6tietojasi kolmansille osapuolille. Tarkemmat maksutiedot l\u00f6yd\u00e4t maksuohjesivulta.<\/p><h5>*Edullinen ja kohtuullinen hinta<\/h5><p>Kun ostat seksinukkeja osoitteesta ainodoll.com, voit aina olla varma, ett\u00e4 l\u00f6yd\u00e4t jotain budjettisi rajoissa. Valikoimamme ylelliset seksinuket ovat kohtuuhintaisia. Pyrimme tarjoamaan sinulle seksinuken, joka palvelee sinua erinomaisesti ja on k\u00e4den ulottuvilla.<\/p><h5>*Ei huijausta ja tyytyv\u00e4isyystakuu<\/h5>\t\t\t\t\t\t<\/div>\n\t\t\t\t<\/div>\n\t\t\t\t\t<\/div>\n\t\t<\/div>\n\t\t\t\t\t<\/div>\n\t\t<\/section>\n\t\t\t\t<section class=\"elementor-section elementor-inner-section elementor-element elementor-element-47670a94 elementor-section-full_width elementor-section-height-default elementor-section-height-default\" data-id=\"47670a94\" data-element_type=\"section\">\n\t\t\t\t\t\t<div class=\"elementor-container elementor-column-gap-default\">\n\t\t\t\t\t<div class=\"elementor-column elementor-col-100 elementor-inner-column elementor-element elementor-element-37e64a0a\" data-id=\"37e64a0a\" data-element_type=\"column\">\n\t\t\t<div class=\"elementor-widget-wrap elementor-element-populated\">\n\t\t\t\t\t\t<div class=\"elementor-element elementor-element-1012628c color-scheme-inherit text-left elementor-widget elementor-widget-text-editor\" data-id=\"1012628c\" data-element_type=\"widget\" data-widget_type=\"text-editor.default\">\n\t\t\t\t<div class=\"elementor-widget-container\">\n\t\t\t\t\t\t\t<p>Emme tarjoa valheellisesti mainostettuja tuotteita, vaan kohtelemme ja toivotamme vilpitt\u00f6m\u00e4sti tervetulleeksi jokaista seksinukkeja rakastavaa asiakasta.<\/p><p>Teemme my\u00f6s kovasti t\u00f6it\u00e4 varmistaaksemme, ett\u00e4 saat parhaan mahdollisen saatavilla olevan seksinuken. Tarkastamme silm\u00e4m\u00e4\u00e4r\u00e4isesti jokaisen nuken p\u00e4\u00e4st\u00e4 varpaisiin ennen kuin annamme luvan, ett\u00e4 h\u00e4n tulee kotiin luoksesi. H\u00e4n ei l\u00e4hde ennen kuin on ohitettu. Voimme jopa varmistaa, ett\u00e4 erityisesti pyyt\u00e4m\u00e4si pienet asiat hoidetaan toiveidesi mukaisesti.<\/p><p>Jos tilauksessasi on virheit\u00e4 (virheit\u00e4 tai virheellinen l\u00e4hetys) nukkesi vastaanottaessa, korjaamme sen tai vaihdamme sen. Lis\u00e4tietoja saat Palautusk\u00e4yt\u00e4nt\u00f6-sivulta.<\/p>\t\t\t\t\t\t<\/div>\n\t\t\t\t<\/div>\n\t\t\t\t\t<\/div>\n\t\t<\/div>\n\t\t\t\t\t<\/div>\n\t\t<\/section>\n\t\t\t\t\t<\/div>\n\t\t<\/div>\n\t\t\t\t\t<\/div>\n\t\t<\/section>\n\t\t\t\t<\/div>","protected":false},"excerpt":{"rendered":"<p>TIETOJA AinoDOLLISTA Keit\u00e4 me olemme Ainodoll.com on mini-seksinukkien virallinen verkkosivusto. Olemme Sex Dolls -tiimi<\/p>","protected":false},"author":1,"featured_media":0,"parent":0,"menu_order":0,"comment_status":"closed","ping_status":"closed","template":"","meta":{"footnotes":""},"aioseo_notices":[],"_links":{"self":[{"href":"https:\/\/sakidoll.com\/fi\/wp-json\/wp\/v2\/pages\/15592"}],"collection":[{"href":"https:\/\/sakidoll.com\/fi\/wp-json\/wp\/v2\/pages"}],"about":[{"href":"https:\/\/sakidoll.com\/fi\/wp-json\/wp\/v2\/types\/page"}],"author":[{"embeddable":true,"href":"https:\/\/sakidoll.com\/fi\/wp-json\/wp\/v2\/users\/1"}],"replies":[{"embeddable":true,"href":"https:\/\/sakidoll.com\/fi\/wp-json\/wp\/v2\/comments?post=15592"}],"version-history":[{"count":9,"href":"https:\/\/sakidoll.com\/fi\/wp-json\/wp\/v2\/pages\/15592\/revisions"}],"predecessor-version":[{"id":21455,"href":"https:\/\/sakidoll.com\/fi\/wp-json\/wp\/v2\/pages\/15592\/revisions\/21455"}],"wp:attachment":[{"href":"https:\/\/sakidoll.com\/fi\/wp-json\/wp\/v2\/media?parent=15592"}],"curies":[{"name":"wp","href":"https:\/\/api.w.org\/{rel}","templated":true}]}}