{"id":20161,"date":"2024-04-22T12:30:36","date_gmt":"2024-04-22T12:30:36","guid":{"rendered":"https:\/\/aimdoll.com\/product\/25-6in-tall-coon-young-asian-isabel-porn-inflatable-doll\/"},"modified":"2024-05-15T07:11:46","modified_gmt":"2024-05-15T07:11:46","slug":"25-6in-tall-coon-young-asian-isabel-porn-inflatable-doll","status":"publish","type":"product","link":"https:\/\/sakidoll.com\/fi\/product\/25-6-tuumaa-pitka-coon-nuori-aasialainen-isabel-porno-puhallettava-nukke\/","title":{"rendered":"25,6 tuumaa Tall coon nuori aasialainen isabel porno puhallettava nukke"},"content":{"rendered":"<p>T\u00e4m\u00e4 on 25,6 tuuman (65 cm) pitk\u00e4 seksinukke, jossa on iso tissiperse, nuori silikoninen seksinukke. T\u00e4m\u00e4 johtaa siihen, ett\u00e4 t\u00e4ydellinen aasialainen seksinukke teini saa persett\u00e4 ja antaa sinulle kaiken oikean stimulaation. N\u00e4in ollen, kun nautit litte\u00e4st\u00e4 rinnasta seksinukke vittu. Voit n\u00e4hd\u00e4 ja tuntea jokaisen pienen realistisen yksityiskohdan. T\u00e4m\u00e4 varmistaa, ett\u00e4 saat monipuolisen tyydytt\u00e4v\u00e4n seksikokemuksen. Sellainen, joka ylitt\u00e4\u00e4 paljon puhallettavan vauvan seksinukke lapsen.<\/p>\n<p>Lis\u00e4ksi t\u00e4m\u00e4 gif-mininukke seksinukke on valmistettu korkealaatuisista kest\u00e4vist\u00e4 materiaaleista. Joten voit odottaa nauttivasi hyvin yksityiskohtaisesta realistisesta visuaalisesta stimulaatiosta. T\u00e4m\u00e4n lis\u00e4ksi saat my\u00f6s rakkausnuken minisable xxx teini seksinuken, joka tekee kaiken. Oraalisesta per\u00e4aukon toimivuuteen. N\u00e4in ollen voit tutkia seksinukke-lapsipornofantasioita mit\u00e4 haluat.<\/p>\n<p>Lis\u00e4ksi kaverina vittuilee mini-vitun seksinukkea. Saat nauttia laadunvarmistuksesta. Joten voit nauttia t\u00e4ysin joka hetkest\u00e4 tutkiessasi kuumimpia h\u00f6yryisimpi\u00e4 fantasioitasi.<\/p>\n<p>&nbsp;<\/p>\n\t\t<div data-elementor-type=\"section\" data-elementor-id=\"15956\" class=\"elementor elementor-15956\" data-elementor-post-type=\"elementor_library\">\n\t\t\t<div class=\"wd-negative-gap elementor-element elementor-element-e744d45 e-flex e-con-boxed e-con e-parent\" data-id=\"e744d45\" data-element_type=\"container\">\n\t\t\t\t\t<div class=\"e-con-inner\">\n\t\t<div class=\"wd-negative-gap elementor-element elementor-element-2abc4734 e-flex e-con-boxed e-con e-child\" data-id=\"2abc4734\" data-element_type=\"container\">\n\t\t\t\t\t<div class=\"e-con-inner\">\n\t\t<div class=\"wd-negative-gap elementor-element elementor-element-e4e90d0 e-flex e-con-boxed e-con e-child\" data-id=\"e4e90d0\" data-element_type=\"container\">\n\t\t\t\t\t<div class=\"e-con-inner\">\n\t\t\t\t<div class=\"elementor-element elementor-element-2191b1a4 elementor-cta--skin-cover elementor-animated-content elementor-bg-transform elementor-bg-transform-zoom-in elementor-widget elementor-widget-call-to-action\" data-id=\"2191b1a4\" data-element_type=\"widget\" data-widget_type=\"call-to-action.default\">\n\t\t\t\t<div class=\"elementor-widget-container\">\n\t\t\t\t\t<a class=\"elementor-cta\" href=\"https:\/\/sakidoll.com\/fi\/seksinukkekuvia\/\">\n\t\t\t\t\t<div class=\"elementor-cta__bg-wrapper\">\n\t\t\t\t<div class=\"elementor-cta__bg elementor-bg\" style=\"background-image: url(https:\/\/sakidoll.com\/wp-content\/uploads\/2024\/04\/redirect.jpg);\" role=\"img\" aria-label=\"uudelleenohjaus\"><\/div>\n\t\t\t\t<div class=\"elementor-cta__bg-overlay\"><\/div>\n\t\t\t<\/div>\n\t\t\t\t\t\t\t<div class=\"elementor-cta__content\">\n\t\t\t\t\n\t\t\t\t\t\t\t\t\t<h2 class=\"elementor-cta__title elementor-cta__content-item elementor-content-item elementor-animated-item--grow\">\n\t\t\t\t\t\t2500+ pient\u00e4 mini-seksinukkea <\/br>sexdollxxx .com\t\t\t\t\t<\/h2>\n\t\t\t\t\n\t\t\t\t\t\t\t\t\t<div class=\"elementor-cta__description elementor-cta__content-item elementor-content-item elementor-animated-item--grow\">\n\t\t\t\t\t\t40cm, 60cm, 80cm, 100cm, 120cm, 140cm\t\t\t\t\t<\/div>\n\t\t\t\t\n\t\t\t\t\t\t\t\t\t<div class=\"elementor-cta__button-wrapper elementor-cta__content-item elementor-content-item elementor-animated-item--grow\">\n\t\t\t\t\t<span class=\"elementor-cta__button elementor-button elementor-size-md\">\n\t\t\t\t\t\tOsta nyt\t\t\t\t\t<\/span>\n\t\t\t\t\t<\/div>\n\t\t\t\t\t\t\t<\/div>\n\t\t\t\t\t\t<\/a>\n\t\t\t\t<\/div>\n\t\t\t\t<\/div>\n\t\t\t\t\t<\/div>\n\t\t\t\t<\/div>\n\t\t\t\t\t<\/div>\n\t\t\t\t<\/div>\n\t\t\t\t\t<\/div>\n\t\t\t\t<\/div>\n\t\t\t\t<\/div>","protected":false},"excerpt":{"rendered":"<div data-elementor-type=\"section\" data-elementor-id=\"15952\" class=\"elementor elementor-15952\" data-elementor-post-type=\"elementor_library\">\n<div class=\"wd-negative-gap elementor-element elementor-element-49f97e26 e-flex e-con-boxed e-con e-parent\" data-id=\"49f97e26\" data-element_type=\"container\">\n<div class=\"e-con-inner\">\n<div class=\"wd-negative-gap elementor-element elementor-element-449b9556 e-flex e-con-boxed e-con e-child\" data-id=\"449b9556\" data-element_type=\"container\">\n<div class=\"e-con-inner\">\n<div class=\"elementor-element elementor-element-613a7c10 elementor-cta--skin-cover elementor-animated-content elementor-bg-transform elementor-bg-transform-zoom-in elementor-widget elementor-widget-call-to-action\" data-id=\"613a7c10\" data-element_type=\"widget\" data-widget_type=\"call-to-action.default\">\n<div class=\"elementor-widget-container\">\n\t\t\t<link rel=\"stylesheet\" href=\"https:\/\/sakidoll.com\/wp-content\/uploads\/elementor\/css\/custom-pro-widget-call-to-action.min.css?ver=1716102689\">\t\t<a class=\"elementor-cta\" href=\"https:\/\/sakidoll.com\/fi\/seksinukkekuvia\/\"><\/p>\n<div class=\"elementor-cta__bg-wrapper\">\n<div class=\"elementor-cta__bg elementor-bg\" style=\"background-image: url(https:\/\/sakidoll.com\/wp-content\/uploads\/2024\/04\/redirect-1.jpg);\" role=\"img\" aria-label=\"redirect.jpg\"><\/div>\n<div class=\"elementor-cta__bg-overlay\"><\/div>\n<\/p><\/div>\n<div class=\"elementor-cta__content\">\n<h2 class=\"elementor-cta__title elementor-cta__content-item elementor-content-item elementor-animated-item--grow\">\n\t\t\t\t\t\t2500+ pient\u00e4 mini-seksinukkea <\/br>sexdollxxx .com\t\t\t\t\t<\/h2>\n<div class=\"elementor-cta__description elementor-cta__content-item elementor-content-item elementor-animated-item--grow\">\n\t\t\t\t\t\t40cm, 60cm, 80cm, 100cm, 120cm, 140cm\t\t\t\t\t<\/div>\n<div class=\"elementor-cta__button-wrapper elementor-cta__content-item elementor-content-item elementor-animated-item--grow\">\n\t\t\t\t\t<span class=\"elementor-cta__button elementor-button elementor-size-md\"><br \/>\n\t\t\t\t\t\tOsta nyt\t\t\t\t\t<\/span>\n\t\t\t\t\t<\/div>\n<\/p><\/div>\n<p>\t\t\t\t\t\t<\/a>\n\t\t\t\t<\/div>\n<\/p><\/div>\n<\/p><\/div>\n<\/p><\/div>\n<\/p><\/div>\n<\/p><\/div>\n<\/p><\/div>","protected":false},"featured_media":15950,"comment_status":"closed","ping_status":"closed","template":"","meta":[],"product_cat":[777,784,799],"product_tag":[],"aioseo_notices":[],"_links":{"self":[{"href":"https:\/\/sakidoll.com\/fi\/wp-json\/wp\/v2\/product\/20161"}],"collection":[{"href":"https:\/\/sakidoll.com\/fi\/wp-json\/wp\/v2\/product"}],"about":[{"href":"https:\/\/sakidoll.com\/fi\/wp-json\/wp\/v2\/types\/product"}],"replies":[{"embeddable":true,"href":"https:\/\/sakidoll.com\/fi\/wp-json\/wp\/v2\/comments?post=20161"}],"version-history":[{"count":2,"href":"https:\/\/sakidoll.com\/fi\/wp-json\/wp\/v2\/product\/20161\/revisions"}],"predecessor-version":[{"id":21741,"href":"https:\/\/sakidoll.com\/fi\/wp-json\/wp\/v2\/product\/20161\/revisions\/21741"}],"wp:featuredmedia":[{"embeddable":true,"href":"https:\/\/sakidoll.com\/fi\/wp-json\/wp\/v2\/media\/15950"}],"wp:attachment":[{"href":"https:\/\/sakidoll.com\/fi\/wp-json\/wp\/v2\/media?parent=20161"}],"wp:term":[{"taxonomy":"product_cat","embeddable":true,"href":"https:\/\/sakidoll.com\/fi\/wp-json\/wp\/v2\/product_cat?post=20161"},{"taxonomy":"product_tag","embeddable":true,"href":"https:\/\/sakidoll.com\/fi\/wp-json\/wp\/v2\/product_tag?post=20161"}],"curies":[{"name":"wp","href":"https:\/\/api.w.org\/{rel}","templated":true}]}}