{"id":20203,"date":"2024-04-22T12:30:40","date_gmt":"2024-04-22T12:30:40","guid":{"rendered":"https:\/\/aimdoll.com\/product\/realistic-factory-humps-mini-flat-factory-realistic-doll\/"},"modified":"2024-05-17T05:51:35","modified_gmt":"2024-05-17T05:51:35","slug":"realistic-factory-humps-mini-flat-factory-realistic-doll","status":"publish","type":"product","link":"https:\/\/sakidoll.com\/fi\/product\/realistinen-tehdas-humps-mini-littea-tehdas-realistinen-nukke\/","title":{"rendered":"Realistinen tehdaskyttyr\u00e4 mini litte\u00e4 tehdas realistinen nukke"},"content":{"rendered":"<p>T\u00e4m\u00e4 on laadukas litte\u00e4 chased sex doll video todellinen nukke, jossa on paras laatu. Kuin korkealaatuisten silikonimateriaalien ja kevyen titaanin yhdistelm\u00e4. T\u00e4ll\u00e4 jay-nukkella 100 cm seksinukke on anatomisesti tarkka muotoilu. Mukana liikkuvat raajat ja nivelet. T\u00e4st\u00e4 syyst\u00e4 t\u00e4m\u00e4 150 teinin silikonisiksinukke sopii t\u00e4ydellisesti teinien seksinukkejen paskavideoihin. Lis\u00e4ksi t\u00e4m\u00e4 mini todellinen seksinukke 40 cm tehdaskiinalainen aito nukke tarjoaa realistisen ulkon\u00e4\u00f6n ja tuntuman. N\u00e4in ollen voit tutkia villeimpi\u00e4 seksuaalisia fantasioitasi. \u00c4idilt\u00e4 humps pikkupoika nukke tabu seksi\u00e4. Seikkailunhaluisempiin seksuaalisiin koettelemuksiin. T\u00e4m\u00e4 litte\u00e4 rinnan nukkeseksi on loistava seksikumppani, joka saa kaiken tapahtumaan.<\/p>\n<p>Lis\u00e4ksi t\u00e4m\u00e4 seksinukke, 148 cm realistinen lasten seksinukke on rakennettu kest\u00e4m\u00e4\u00e4n. Hyvin rakennetun rakenteen ansiosta korkealaatuisista 80 cm seksinukkemateriaaleista. Siksi t\u00e4m\u00e4 upea aikuisten todellinen nukke tarjoaa sinulle intensiivist\u00e4 seksuaalista stimulaatiota useammalla kuin yhdell\u00e4 tavalla.<\/p>\n<p>Kirjoituksesi: T\u00e4m\u00e4 on laadukas litte\u00e4 jahdattu seksinukke video todellinen nukke, jolla on paras laatu. Kuin yhdistelm\u00e4 korkealaatuisia<br \/>\nsilikonimateriaalit ja kevyt titaani. T\u00e4ll\u00e4 jay-nukkella 100 cm seksinukke on anatomisesti tarkka muotoilu. Mukana liikkuva<br \/>\nraajat ja nivelet. T\u00e4st\u00e4 syyst\u00e4 t\u00e4m\u00e4 150 teinin silikonisiksinukke sopii t\u00e4ydellisesti teinien seksinukke-videoihin. Lis\u00e4ksi t\u00e4m\u00e4 mini aito seksinukke 40cm<br \/>\ntehdaskiinalainen todellinen nukke tarjoaa realistisen ulkon\u00e4\u00f6n ja tuntuman. N\u00e4in ollen voit tutkia villeimpi\u00e4 seksuaalisia fantasioitasi. \u00c4idilt\u00e4 humps pikkupoika<br \/>\nnukke tabu seksi\u00e4. Seikkailunhaluisempiin seksuaalisiin koettelemuksiin. T\u00e4m\u00e4 litte\u00e4 rinnan nukkeseksi on loistava seksikumppani, joka saa kaiken tapahtumaan.<\/p>\n<p>Lis\u00e4ksi t\u00e4m\u00e4 seksinukke, 148 cm realistinen lasten seksinukke on rakennettu kest\u00e4m\u00e4\u00e4n. Hyv\u00e4n rakenteen ansiosta laadukkaalla 80 cm seksill\u00e4<br \/>\nnuken materiaalit. Siksi t\u00e4m\u00e4 upea aikuisten todellinen nukke tarjoaa sinulle intensiivist\u00e4 seksuaalista stimulaatiota useammalla kuin yhdell\u00e4 tavalla.<\/p>\n<p>&nbsp;<\/p>\n\t\t<div data-elementor-type=\"section\" data-elementor-id=\"15956\" class=\"elementor elementor-15956\" data-elementor-post-type=\"elementor_library\">\n\t\t\t<div class=\"wd-negative-gap elementor-element elementor-element-e744d45 e-flex e-con-boxed e-con e-parent\" data-id=\"e744d45\" data-element_type=\"container\">\n\t\t\t\t\t<div class=\"e-con-inner\">\n\t\t<div class=\"wd-negative-gap elementor-element elementor-element-2abc4734 e-flex e-con-boxed e-con e-child\" data-id=\"2abc4734\" data-element_type=\"container\">\n\t\t\t\t\t<div class=\"e-con-inner\">\n\t\t<div class=\"wd-negative-gap elementor-element elementor-element-e4e90d0 e-flex e-con-boxed e-con e-child\" data-id=\"e4e90d0\" data-element_type=\"container\">\n\t\t\t\t\t<div class=\"e-con-inner\">\n\t\t\t\t<div class=\"elementor-element elementor-element-2191b1a4 elementor-cta--skin-cover elementor-animated-content elementor-bg-transform elementor-bg-transform-zoom-in elementor-widget elementor-widget-call-to-action\" data-id=\"2191b1a4\" data-element_type=\"widget\" data-widget_type=\"call-to-action.default\">\n\t\t\t\t<div class=\"elementor-widget-container\">\n\t\t\t\t\t<a class=\"elementor-cta\" href=\"https:\/\/sakidoll.com\/fi\/seksinukkekuvia\/\">\n\t\t\t\t\t<div class=\"elementor-cta__bg-wrapper\">\n\t\t\t\t<div class=\"elementor-cta__bg elementor-bg\" style=\"background-image: url(https:\/\/sakidoll.com\/wp-content\/uploads\/2024\/04\/redirect.jpg);\" role=\"img\" aria-label=\"uudelleenohjaus\"><\/div>\n\t\t\t\t<div class=\"elementor-cta__bg-overlay\"><\/div>\n\t\t\t<\/div>\n\t\t\t\t\t\t\t<div class=\"elementor-cta__content\">\n\t\t\t\t\n\t\t\t\t\t\t\t\t\t<h2 class=\"elementor-cta__title elementor-cta__content-item elementor-content-item elementor-animated-item--grow\">\n\t\t\t\t\t\t2500+ pient\u00e4 mini-seksinukkea <\/br>sexdollxxx .com\t\t\t\t\t<\/h2>\n\t\t\t\t\n\t\t\t\t\t\t\t\t\t<div class=\"elementor-cta__description elementor-cta__content-item elementor-content-item elementor-animated-item--grow\">\n\t\t\t\t\t\t40cm, 60cm, 80cm, 100cm, 120cm, 140cm\t\t\t\t\t<\/div>\n\t\t\t\t\n\t\t\t\t\t\t\t\t\t<div class=\"elementor-cta__button-wrapper elementor-cta__content-item elementor-content-item elementor-animated-item--grow\">\n\t\t\t\t\t<span class=\"elementor-cta__button elementor-button elementor-size-md\">\n\t\t\t\t\t\tOsta nyt\t\t\t\t\t<\/span>\n\t\t\t\t\t<\/div>\n\t\t\t\t\t\t\t<\/div>\n\t\t\t\t\t\t<\/a>\n\t\t\t\t<\/div>\n\t\t\t\t<\/div>\n\t\t\t\t\t<\/div>\n\t\t\t\t<\/div>\n\t\t\t\t\t<\/div>\n\t\t\t\t<\/div>\n\t\t\t\t\t<\/div>\n\t\t\t\t<\/div>\n\t\t\t\t<\/div>","protected":false},"excerpt":{"rendered":"<div data-elementor-type=\"section\" data-elementor-id=\"15952\" class=\"elementor elementor-15952\" data-elementor-post-type=\"elementor_library\">\n<div class=\"wd-negative-gap elementor-element elementor-element-49f97e26 e-flex e-con-boxed e-con e-parent\" data-id=\"49f97e26\" data-element_type=\"container\">\n<div class=\"e-con-inner\">\n<div class=\"wd-negative-gap elementor-element elementor-element-449b9556 e-flex e-con-boxed e-con e-child\" data-id=\"449b9556\" data-element_type=\"container\">\n<div class=\"e-con-inner\">\n<div class=\"elementor-element elementor-element-613a7c10 elementor-cta--skin-cover elementor-animated-content elementor-bg-transform elementor-bg-transform-zoom-in elementor-widget elementor-widget-call-to-action\" data-id=\"613a7c10\" data-element_type=\"widget\" data-widget_type=\"call-to-action.default\">\n<div class=\"elementor-widget-container\">\n\t\t\t<link rel=\"stylesheet\" href=\"https:\/\/sakidoll.com\/wp-content\/uploads\/elementor\/css\/custom-pro-widget-call-to-action.min.css?ver=1716102689\">\t\t<a class=\"elementor-cta\" href=\"https:\/\/sakidoll.com\/fi\/seksinukkekuvia\/\"><\/p>\n<div class=\"elementor-cta__bg-wrapper\">\n<div class=\"elementor-cta__bg elementor-bg\" style=\"background-image: url(https:\/\/sakidoll.com\/wp-content\/uploads\/2024\/04\/redirect-1.jpg);\" role=\"img\" aria-label=\"redirect.jpg\"><\/div>\n<div class=\"elementor-cta__bg-overlay\"><\/div>\n<\/p><\/div>\n<div class=\"elementor-cta__content\">\n<h2 class=\"elementor-cta__title elementor-cta__content-item elementor-content-item elementor-animated-item--grow\">\n\t\t\t\t\t\t2500+ pient\u00e4 mini-seksinukkea <\/br>sexdollxxx .com\t\t\t\t\t<\/h2>\n<div class=\"elementor-cta__description elementor-cta__content-item elementor-content-item elementor-animated-item--grow\">\n\t\t\t\t\t\t40cm, 60cm, 80cm, 100cm, 120cm, 140cm\t\t\t\t\t<\/div>\n<div class=\"elementor-cta__button-wrapper elementor-cta__content-item elementor-content-item elementor-animated-item--grow\">\n\t\t\t\t\t<span class=\"elementor-cta__button elementor-button elementor-size-md\"><br \/>\n\t\t\t\t\t\tOsta nyt\t\t\t\t\t<\/span>\n\t\t\t\t\t<\/div>\n<\/p><\/div>\n<p>\t\t\t\t\t\t<\/a>\n\t\t\t\t<\/div>\n<\/p><\/div>\n<\/p><\/div>\n<\/p><\/div>\n<\/p><\/div>\n<\/p><\/div>\n<\/p><\/div>","protected":false},"featured_media":15950,"comment_status":"closed","ping_status":"closed","template":"","meta":[],"product_cat":[797,791,771],"product_tag":[],"aioseo_notices":[],"_links":{"self":[{"href":"https:\/\/sakidoll.com\/fi\/wp-json\/wp\/v2\/product\/20203"}],"collection":[{"href":"https:\/\/sakidoll.com\/fi\/wp-json\/wp\/v2\/product"}],"about":[{"href":"https:\/\/sakidoll.com\/fi\/wp-json\/wp\/v2\/types\/product"}],"replies":[{"embeddable":true,"href":"https:\/\/sakidoll.com\/fi\/wp-json\/wp\/v2\/comments?post=20203"}],"version-history":[{"count":2,"href":"https:\/\/sakidoll.com\/fi\/wp-json\/wp\/v2\/product\/20203\/revisions"}],"predecessor-version":[{"id":21772,"href":"https:\/\/sakidoll.com\/fi\/wp-json\/wp\/v2\/product\/20203\/revisions\/21772"}],"wp:featuredmedia":[{"embeddable":true,"href":"https:\/\/sakidoll.com\/fi\/wp-json\/wp\/v2\/media\/15950"}],"wp:attachment":[{"href":"https:\/\/sakidoll.com\/fi\/wp-json\/wp\/v2\/media?parent=20203"}],"wp:term":[{"taxonomy":"product_cat","embeddable":true,"href":"https:\/\/sakidoll.com\/fi\/wp-json\/wp\/v2\/product_cat?post=20203"},{"taxonomy":"product_tag","embeddable":true,"href":"https:\/\/sakidoll.com\/fi\/wp-json\/wp\/v2\/product_tag?post=20203"}],"curies":[{"name":"wp","href":"https:\/\/api.w.org\/{rel}","templated":true}]}}