{"id":20381,"date":"2024-04-22T12:31:01","date_gmt":"2024-04-22T12:31:01","guid":{"rendered":"https:\/\/aimdoll.com\/product\/100cm-big-ass-sex-doll-tiny-young\/"},"modified":"2024-05-15T08:15:28","modified_gmt":"2024-05-15T08:15:28","slug":"100cm-big-ass-sex-doll-tiny-young","status":"publish","type":"product","link":"https:\/\/sakidoll.com\/fi\/product\/100cm-iso-perse-seksinukke-pieni-nuori\/","title":{"rendered":"100cm iso perse seksinukke pieni nuori"},"content":{"rendered":"<p>Iso seksinukke on tehty huolella ja huomiolla parhaista tavaroista. Se on my\u00f6s 100 cm leve\u00e4! T\u00e4m\u00e4 pieni nuori seksinukke on todellinen esimerkki tunteesta ja olemisesta kuin aito.<\/p>\n<p>T\u00e4m\u00e4 pieni todellinen seksinukke on 3 jalkaa pitk\u00e4 ja siin\u00e4 on upeat kaaret, jotka t\u00e4ytt\u00e4v\u00e4t kaikki villeimm\u00e4t unelmasi. T\u00e4m\u00e4n kaunokaisen suu, rinnat ja pohja on tehty t\u00e4ydelliseksi huolellisella muotoilulla. Jokainen h\u00e4nen osansa n\u00e4ytt\u00e4\u00e4 h\u00e4mm\u00e4stytt\u00e4v\u00e4lt\u00e4. H\u00e4nen ihonsa tuntuu niin todelliselta, ett\u00e4 kun kosketat sit\u00e4, se tekee kokemuksesta enemm\u00e4n kuin ihmisen kanssa olemisen.<\/p>\n<p>T\u00e4ss\u00e4 teinin seksinukkemasturbaattorissa on vahva metallirunko, jonka avulla voit asettaa sen helposti haluamaasi asentoon. Pehme\u00e4t silikoniset liitokset antavat h\u00e4nelle luonnolliset liikkeet. Voit antaa h\u00e4nelle monia tapoja viett\u00e4\u00e4 h\u00e4mm\u00e4stytt\u00e4v\u00e4n yksityisen hetken onnellisena.<\/p>\n<p>&nbsp;<\/p>\n\t\t<div data-elementor-type=\"section\" data-elementor-id=\"15956\" class=\"elementor elementor-15956\" data-elementor-post-type=\"elementor_library\">\n\t\t\t<div class=\"wd-negative-gap elementor-element elementor-element-e744d45 e-flex e-con-boxed e-con e-parent\" data-id=\"e744d45\" data-element_type=\"container\">\n\t\t\t\t\t<div class=\"e-con-inner\">\n\t\t<div class=\"wd-negative-gap elementor-element elementor-element-2abc4734 e-flex e-con-boxed e-con e-child\" data-id=\"2abc4734\" data-element_type=\"container\">\n\t\t\t\t\t<div class=\"e-con-inner\">\n\t\t<div class=\"wd-negative-gap elementor-element elementor-element-e4e90d0 e-flex e-con-boxed e-con e-child\" data-id=\"e4e90d0\" data-element_type=\"container\">\n\t\t\t\t\t<div class=\"e-con-inner\">\n\t\t\t\t<div class=\"elementor-element elementor-element-2191b1a4 elementor-cta--skin-cover elementor-animated-content elementor-bg-transform elementor-bg-transform-zoom-in elementor-widget elementor-widget-call-to-action\" data-id=\"2191b1a4\" data-element_type=\"widget\" data-widget_type=\"call-to-action.default\">\n\t\t\t\t<div class=\"elementor-widget-container\">\n\t\t\t\t\t<a class=\"elementor-cta\" href=\"https:\/\/sakidoll.com\/fi\/seksinukkekuvia\/\">\n\t\t\t\t\t<div class=\"elementor-cta__bg-wrapper\">\n\t\t\t\t<div class=\"elementor-cta__bg elementor-bg\" style=\"background-image: url(https:\/\/sakidoll.com\/wp-content\/uploads\/2024\/04\/redirect.jpg);\" role=\"img\" aria-label=\"uudelleenohjaus\"><\/div>\n\t\t\t\t<div class=\"elementor-cta__bg-overlay\"><\/div>\n\t\t\t<\/div>\n\t\t\t\t\t\t\t<div class=\"elementor-cta__content\">\n\t\t\t\t\n\t\t\t\t\t\t\t\t\t<h2 class=\"elementor-cta__title elementor-cta__content-item elementor-content-item elementor-animated-item--grow\">\n\t\t\t\t\t\t2500+ pient\u00e4 mini-seksinukkea <\/br>sexdollxxx .com\t\t\t\t\t<\/h2>\n\t\t\t\t\n\t\t\t\t\t\t\t\t\t<div class=\"elementor-cta__description elementor-cta__content-item elementor-content-item elementor-animated-item--grow\">\n\t\t\t\t\t\t40cm, 60cm, 80cm, 100cm, 120cm, 140cm\t\t\t\t\t<\/div>\n\t\t\t\t\n\t\t\t\t\t\t\t\t\t<div class=\"elementor-cta__button-wrapper elementor-cta__content-item elementor-content-item elementor-animated-item--grow\">\n\t\t\t\t\t<span class=\"elementor-cta__button elementor-button elementor-size-md\">\n\t\t\t\t\t\tOsta nyt\t\t\t\t\t<\/span>\n\t\t\t\t\t<\/div>\n\t\t\t\t\t\t\t<\/div>\n\t\t\t\t\t\t<\/a>\n\t\t\t\t<\/div>\n\t\t\t\t<\/div>\n\t\t\t\t\t<\/div>\n\t\t\t\t<\/div>\n\t\t\t\t\t<\/div>\n\t\t\t\t<\/div>\n\t\t\t\t\t<\/div>\n\t\t\t\t<\/div>\n\t\t\t\t<\/div>","protected":false},"excerpt":{"rendered":"<div data-elementor-type=\"section\" data-elementor-id=\"15952\" class=\"elementor elementor-15952\" data-elementor-post-type=\"elementor_library\">\n<div class=\"wd-negative-gap elementor-element elementor-element-49f97e26 e-flex e-con-boxed e-con e-parent\" data-id=\"49f97e26\" data-element_type=\"container\">\n<div class=\"e-con-inner\">\n<div class=\"wd-negative-gap elementor-element elementor-element-449b9556 e-flex e-con-boxed e-con e-child\" data-id=\"449b9556\" data-element_type=\"container\">\n<div class=\"e-con-inner\">\n<div class=\"elementor-element elementor-element-613a7c10 elementor-cta--skin-cover elementor-animated-content elementor-bg-transform elementor-bg-transform-zoom-in elementor-widget elementor-widget-call-to-action\" data-id=\"613a7c10\" data-element_type=\"widget\" data-widget_type=\"call-to-action.default\">\n<div class=\"elementor-widget-container\">\n\t\t\t<link rel=\"stylesheet\" href=\"https:\/\/sakidoll.com\/wp-content\/uploads\/elementor\/css\/custom-pro-widget-call-to-action.min.css?ver=1716102689\">\t\t<a class=\"elementor-cta\" href=\"https:\/\/sakidoll.com\/fi\/seksinukkekuvia\/\"><\/p>\n<div class=\"elementor-cta__bg-wrapper\">\n<div class=\"elementor-cta__bg elementor-bg\" style=\"background-image: url(https:\/\/sakidoll.com\/wp-content\/uploads\/2024\/04\/redirect-1.jpg);\" role=\"img\" aria-label=\"redirect.jpg\"><\/div>\n<div class=\"elementor-cta__bg-overlay\"><\/div>\n<\/p><\/div>\n<div class=\"elementor-cta__content\">\n<h2 class=\"elementor-cta__title elementor-cta__content-item elementor-content-item elementor-animated-item--grow\">\n\t\t\t\t\t\t2500+ pient\u00e4 mini-seksinukkea <\/br>sexdollxxx .com\t\t\t\t\t<\/h2>\n<div class=\"elementor-cta__description elementor-cta__content-item elementor-content-item elementor-animated-item--grow\">\n\t\t\t\t\t\t40cm, 60cm, 80cm, 100cm, 120cm, 140cm\t\t\t\t\t<\/div>\n<div class=\"elementor-cta__button-wrapper elementor-cta__content-item elementor-content-item elementor-animated-item--grow\">\n\t\t\t\t\t<span class=\"elementor-cta__button elementor-button elementor-size-md\"><br \/>\n\t\t\t\t\t\tOsta nyt\t\t\t\t\t<\/span>\n\t\t\t\t\t<\/div>\n<\/p><\/div>\n<p>\t\t\t\t\t\t<\/a>\n\t\t\t\t<\/div>\n<\/p><\/div>\n<\/p><\/div>\n<\/p><\/div>\n<\/p><\/div>\n<\/p><\/div>\n<\/p><\/div>","protected":false},"featured_media":15950,"comment_status":"closed","ping_status":"closed","template":"","meta":[],"product_cat":[769,794,779],"product_tag":[],"aioseo_notices":[],"_links":{"self":[{"href":"https:\/\/sakidoll.com\/fi\/wp-json\/wp\/v2\/product\/20381"}],"collection":[{"href":"https:\/\/sakidoll.com\/fi\/wp-json\/wp\/v2\/product"}],"about":[{"href":"https:\/\/sakidoll.com\/fi\/wp-json\/wp\/v2\/types\/product"}],"replies":[{"embeddable":true,"href":"https:\/\/sakidoll.com\/fi\/wp-json\/wp\/v2\/comments?post=20381"}],"version-history":[{"count":1,"href":"https:\/\/sakidoll.com\/fi\/wp-json\/wp\/v2\/product\/20381\/revisions"}],"predecessor-version":[{"id":20382,"href":"https:\/\/sakidoll.com\/fi\/wp-json\/wp\/v2\/product\/20381\/revisions\/20382"}],"wp:featuredmedia":[{"embeddable":true,"href":"https:\/\/sakidoll.com\/fi\/wp-json\/wp\/v2\/media\/15950"}],"wp:attachment":[{"href":"https:\/\/sakidoll.com\/fi\/wp-json\/wp\/v2\/media?parent=20381"}],"wp:term":[{"taxonomy":"product_cat","embeddable":true,"href":"https:\/\/sakidoll.com\/fi\/wp-json\/wp\/v2\/product_cat?post=20381"},{"taxonomy":"product_tag","embeddable":true,"href":"https:\/\/sakidoll.com\/fi\/wp-json\/wp\/v2\/product_tag?post=20381"}],"curies":[{"name":"wp","href":"https:\/\/api.w.org\/{rel}","templated":true}]}}