{"id":20877,"date":"2024-04-22T12:31:48","date_gmt":"2024-04-22T12:31:48","guid":{"rendered":"https:\/\/aimdoll.com\/product\/fucking-real-sex-doll-small-boob-porn\/"},"modified":"2024-05-06T08:07:20","modified_gmt":"2024-05-06T08:07:20","slug":"fucking-real-sex-doll-small-boob-porn","status":"publish","type":"product","link":"https:\/\/sakidoll.com\/fi\/product\/vitun-todellinen-seksinukke-pieni-tissiporno\/","title":{"rendered":"Vitun Todellinen Seksi Nukke Pieni Boob Porno"},"content":{"rendered":"<p>Lourine 75 cm seksinukke sopii parhaiten Natalie small boob enjoy sex nuken kanssa. 100 cm:n seksinuken vertailua ei tarvita. Osta vain pieni kuppi seksinukke, vittu kunnes olet kyll\u00e4inen ja el\u00e4m\u00e4 on hyv\u00e4\u00e4. Jokainen Riley cm -nukkeseksi on erilainen. WM 100 cm seksinukke vaihtoehtoiset rintakoot, kuten n\u00e4kyy pieni boob nautinto seksinukke video on saatavilla online-seksinukkekaupassamme.<\/p>\n<p>&nbsp;<\/p>\n<p>Lapsen seksinukke? No, se ei ole pedofiili, vaan pienet vauvanukkepojat, jotka todella saavat hormonillesi. Vitun mini-rakkausnukkeporno p\u00e4\u00e4st\u00e4\u00e4 sis\u00e4isen aistillisen itsesi esiin. Voit vapaasti kokeilla mit\u00e4 tahansa mieleenpainuvaa seksityyli\u00e4.<\/p>\n<p>&nbsp;<\/p>\n<p>Ymm\u00e4rr\u00e4t, ett\u00e4 haluat haudata munaasi t\u00e4ss\u00e4 Natalie-pienen tissi-ilo seksinukkevideossa. Seksinukkevideolla voit matkia toimia ja saada samat tulokset n\u00e4kyviin.<\/p>\n<p>&nbsp;<\/p>\n\t\t<div data-elementor-type=\"section\" data-elementor-id=\"15956\" class=\"elementor elementor-15956\" data-elementor-post-type=\"elementor_library\">\n\t\t\t<div class=\"wd-negative-gap elementor-element elementor-element-e744d45 e-flex e-con-boxed e-con e-parent\" data-id=\"e744d45\" data-element_type=\"container\">\n\t\t\t\t\t<div class=\"e-con-inner\">\n\t\t<div class=\"wd-negative-gap elementor-element elementor-element-2abc4734 e-flex e-con-boxed e-con e-child\" data-id=\"2abc4734\" data-element_type=\"container\">\n\t\t\t\t\t<div class=\"e-con-inner\">\n\t\t<div class=\"wd-negative-gap elementor-element elementor-element-e4e90d0 e-flex e-con-boxed e-con e-child\" data-id=\"e4e90d0\" data-element_type=\"container\">\n\t\t\t\t\t<div class=\"e-con-inner\">\n\t\t\t\t<div class=\"elementor-element elementor-element-2191b1a4 elementor-cta--skin-cover elementor-animated-content elementor-bg-transform elementor-bg-transform-zoom-in elementor-widget elementor-widget-call-to-action\" data-id=\"2191b1a4\" data-element_type=\"widget\" data-widget_type=\"call-to-action.default\">\n\t\t\t\t<div class=\"elementor-widget-container\">\n\t\t\t\t\t<a class=\"elementor-cta\" href=\"https:\/\/sakidoll.com\/fi\/seksinukkekuvia\/\">\n\t\t\t\t\t<div class=\"elementor-cta__bg-wrapper\">\n\t\t\t\t<div class=\"elementor-cta__bg elementor-bg\" style=\"background-image: url(https:\/\/sakidoll.com\/wp-content\/uploads\/2024\/04\/redirect.jpg);\" role=\"img\" aria-label=\"uudelleenohjaus\"><\/div>\n\t\t\t\t<div class=\"elementor-cta__bg-overlay\"><\/div>\n\t\t\t<\/div>\n\t\t\t\t\t\t\t<div class=\"elementor-cta__content\">\n\t\t\t\t\n\t\t\t\t\t\t\t\t\t<h2 class=\"elementor-cta__title elementor-cta__content-item elementor-content-item elementor-animated-item--grow\">\n\t\t\t\t\t\t2500+ pient\u00e4 mini-seksinukkea <\/br>sexdollxxx .com\t\t\t\t\t<\/h2>\n\t\t\t\t\n\t\t\t\t\t\t\t\t\t<div class=\"elementor-cta__description elementor-cta__content-item elementor-content-item elementor-animated-item--grow\">\n\t\t\t\t\t\t40cm, 60cm, 80cm, 100cm, 120cm, 140cm\t\t\t\t\t<\/div>\n\t\t\t\t\n\t\t\t\t\t\t\t\t\t<div class=\"elementor-cta__button-wrapper elementor-cta__content-item elementor-content-item elementor-animated-item--grow\">\n\t\t\t\t\t<span class=\"elementor-cta__button elementor-button elementor-size-md\">\n\t\t\t\t\t\tOsta nyt\t\t\t\t\t<\/span>\n\t\t\t\t\t<\/div>\n\t\t\t\t\t\t\t<\/div>\n\t\t\t\t\t\t<\/a>\n\t\t\t\t<\/div>\n\t\t\t\t<\/div>\n\t\t\t\t\t<\/div>\n\t\t\t\t<\/div>\n\t\t\t\t\t<\/div>\n\t\t\t\t<\/div>\n\t\t\t\t\t<\/div>\n\t\t\t\t<\/div>\n\t\t\t\t<\/div>","protected":false},"excerpt":{"rendered":"<div data-elementor-type=\"section\" data-elementor-id=\"15952\" class=\"elementor elementor-15952\" data-elementor-post-type=\"elementor_library\">\n<div class=\"wd-negative-gap elementor-element elementor-element-49f97e26 e-flex e-con-boxed e-con e-parent\" data-id=\"49f97e26\" data-element_type=\"container\">\n<div class=\"e-con-inner\">\n<div class=\"wd-negative-gap elementor-element elementor-element-449b9556 e-flex e-con-boxed e-con e-child\" data-id=\"449b9556\" data-element_type=\"container\">\n<div class=\"e-con-inner\">\n<div class=\"elementor-element elementor-element-613a7c10 elementor-cta--skin-cover elementor-animated-content elementor-bg-transform elementor-bg-transform-zoom-in elementor-widget elementor-widget-call-to-action\" data-id=\"613a7c10\" data-element_type=\"widget\" data-widget_type=\"call-to-action.default\">\n<div class=\"elementor-widget-container\">\n\t\t\t<link rel=\"stylesheet\" href=\"https:\/\/sakidoll.com\/wp-content\/uploads\/elementor\/css\/custom-pro-widget-call-to-action.min.css?ver=1716102689\">\t\t<a class=\"elementor-cta\" href=\"https:\/\/sakidoll.com\/fi\/seksinukkekuvia\/\"><\/p>\n<div class=\"elementor-cta__bg-wrapper\">\n<div class=\"elementor-cta__bg elementor-bg\" style=\"background-image: url(https:\/\/sakidoll.com\/wp-content\/uploads\/2024\/04\/redirect-1.jpg);\" role=\"img\" aria-label=\"redirect.jpg\"><\/div>\n<div class=\"elementor-cta__bg-overlay\"><\/div>\n<\/p><\/div>\n<div class=\"elementor-cta__content\">\n<h2 class=\"elementor-cta__title elementor-cta__content-item elementor-content-item elementor-animated-item--grow\">\n\t\t\t\t\t\t2500+ pient\u00e4 mini-seksinukkea <\/br>sexdollxxx .com\t\t\t\t\t<\/h2>\n<div class=\"elementor-cta__description elementor-cta__content-item elementor-content-item elementor-animated-item--grow\">\n\t\t\t\t\t\t40cm, 60cm, 80cm, 100cm, 120cm, 140cm\t\t\t\t\t<\/div>\n<div class=\"elementor-cta__button-wrapper elementor-cta__content-item elementor-content-item elementor-animated-item--grow\">\n\t\t\t\t\t<span class=\"elementor-cta__button elementor-button elementor-size-md\"><br \/>\n\t\t\t\t\t\tOsta nyt\t\t\t\t\t<\/span>\n\t\t\t\t\t<\/div>\n<\/p><\/div>\n<p>\t\t\t\t\t\t<\/a>\n\t\t\t\t<\/div>\n<\/p><\/div>\n<\/p><\/div>\n<\/p><\/div>\n<\/p><\/div>\n<\/p><\/div>\n<\/p><\/div>","protected":false},"featured_media":15950,"comment_status":"closed","ping_status":"closed","template":"","meta":[],"product_cat":[791,770,802],"product_tag":[],"aioseo_notices":[],"_links":{"self":[{"href":"https:\/\/sakidoll.com\/fi\/wp-json\/wp\/v2\/product\/20877"}],"collection":[{"href":"https:\/\/sakidoll.com\/fi\/wp-json\/wp\/v2\/product"}],"about":[{"href":"https:\/\/sakidoll.com\/fi\/wp-json\/wp\/v2\/types\/product"}],"replies":[{"embeddable":true,"href":"https:\/\/sakidoll.com\/fi\/wp-json\/wp\/v2\/comments?post=20877"}],"version-history":[{"count":1,"href":"https:\/\/sakidoll.com\/fi\/wp-json\/wp\/v2\/product\/20877\/revisions"}],"predecessor-version":[{"id":20878,"href":"https:\/\/sakidoll.com\/fi\/wp-json\/wp\/v2\/product\/20877\/revisions\/20878"}],"wp:featuredmedia":[{"embeddable":true,"href":"https:\/\/sakidoll.com\/fi\/wp-json\/wp\/v2\/media\/15950"}],"wp:attachment":[{"href":"https:\/\/sakidoll.com\/fi\/wp-json\/wp\/v2\/media?parent=20877"}],"wp:term":[{"taxonomy":"product_cat","embeddable":true,"href":"https:\/\/sakidoll.com\/fi\/wp-json\/wp\/v2\/product_cat?post=20877"},{"taxonomy":"product_tag","embeddable":true,"href":"https:\/\/sakidoll.com\/fi\/wp-json\/wp\/v2\/product_tag?post=20877"}],"curies":[{"name":"wp","href":"https:\/\/api.w.org\/{rel}","templated":true}]}}