{"id":21047,"date":"2024-04-22T12:32:04","date_gmt":"2024-04-22T12:32:04","guid":{"rendered":"https:\/\/aimdoll.com\/product\/140cm-real-barbie-anime-sex-doll-pics\/"},"modified":"2024-05-14T08:07:03","modified_gmt":"2024-05-14T08:07:03","slug":"140cm-real-barbie-anime-sex-doll-pics","status":"publish","type":"product","link":"https:\/\/sakidoll.com\/fi\/product\/140-cm-aitoja-barbie-anime-seksinukkekuvia\/","title":{"rendered":"140 cm Aitoja Barbie-anime-seksinukkekuvia"},"content":{"rendered":"<p>Tanskalaisen mieslapsisen seksinuken kalu tarjoaa sinulle peniksen orgasmeja. 100 cm seksinukke anime seksinuket ketun kasvoilla voidaan tehd\u00e4 n\u00e4ytt\u00e4m\u00e4\u00e4n kenelt\u00e4 tahansa haluat. Pienist\u00e4 seksinukkevideoista voit p\u00e4\u00e4tt\u00e4\u00e4 millaiset wm 166 cm urheilulliset Cecilyn seksinukkevaatteet haluat hankkia.<\/p>\n<p>&nbsp;<\/p>\n<p>Rakkausnukke Loli fuck on t\u00e4ydellinen joka tilanteeseen ja asentoon. Jos olet h\u00e4mmentynyt oikean tavan suhteen, rakkausnukke Loli vittuporno n\u00e4ytt\u00e4\u00e4 sinulle kuinka. Aito barbie-nukke, jolla on pieni vy\u00f6t\u00e4r\u00f6, tulee huoltaa ja puhdistaa kulumisen v\u00e4ltt\u00e4miseksi. Toinen vaihtoehto on hankkia seksinukkekotelo s\u00e4ilytykseen.<\/p>\n<p>&nbsp;<\/p>\n<p>140 cm:n seksinukkekulmakuvien saaminen pit\u00e4\u00e4 sinut aina seksin tuulella. Anime 66 cm seksinukke voidaan suunnitella suosikki animehahmoksi. 100cm seksinuken jalan pituus voidaan tarkistaa sukupuolesta minikokoisesta rakkausnukkevideosta.<\/p>\n<p>&nbsp;<\/p>\n\t\t<div data-elementor-type=\"section\" data-elementor-id=\"15956\" class=\"elementor elementor-15956\" data-elementor-post-type=\"elementor_library\">\n\t\t\t<div class=\"wd-negative-gap elementor-element elementor-element-e744d45 e-flex e-con-boxed e-con e-parent\" data-id=\"e744d45\" data-element_type=\"container\">\n\t\t\t\t\t<div class=\"e-con-inner\">\n\t\t<div class=\"wd-negative-gap elementor-element elementor-element-2abc4734 e-flex e-con-boxed e-con e-child\" data-id=\"2abc4734\" data-element_type=\"container\">\n\t\t\t\t\t<div class=\"e-con-inner\">\n\t\t<div class=\"wd-negative-gap elementor-element elementor-element-e4e90d0 e-flex e-con-boxed e-con e-child\" data-id=\"e4e90d0\" data-element_type=\"container\">\n\t\t\t\t\t<div class=\"e-con-inner\">\n\t\t\t\t<div class=\"elementor-element elementor-element-2191b1a4 elementor-cta--skin-cover elementor-animated-content elementor-bg-transform elementor-bg-transform-zoom-in elementor-widget elementor-widget-call-to-action\" data-id=\"2191b1a4\" data-element_type=\"widget\" data-widget_type=\"call-to-action.default\">\n\t\t\t\t<div class=\"elementor-widget-container\">\n\t\t\t\t\t<a class=\"elementor-cta\" href=\"https:\/\/sakidoll.com\/fi\/seksinukkekuvia\/\">\n\t\t\t\t\t<div class=\"elementor-cta__bg-wrapper\">\n\t\t\t\t<div class=\"elementor-cta__bg elementor-bg\" style=\"background-image: url(https:\/\/sakidoll.com\/wp-content\/uploads\/2024\/04\/redirect.jpg);\" role=\"img\" aria-label=\"uudelleenohjaus\"><\/div>\n\t\t\t\t<div class=\"elementor-cta__bg-overlay\"><\/div>\n\t\t\t<\/div>\n\t\t\t\t\t\t\t<div class=\"elementor-cta__content\">\n\t\t\t\t\n\t\t\t\t\t\t\t\t\t<h2 class=\"elementor-cta__title elementor-cta__content-item elementor-content-item elementor-animated-item--grow\">\n\t\t\t\t\t\t2500+ pient\u00e4 mini-seksinukkea <\/br>sexdollxxx .com\t\t\t\t\t<\/h2>\n\t\t\t\t\n\t\t\t\t\t\t\t\t\t<div class=\"elementor-cta__description elementor-cta__content-item elementor-content-item elementor-animated-item--grow\">\n\t\t\t\t\t\t40cm, 60cm, 80cm, 100cm, 120cm, 140cm\t\t\t\t\t<\/div>\n\t\t\t\t\n\t\t\t\t\t\t\t\t\t<div class=\"elementor-cta__button-wrapper elementor-cta__content-item elementor-content-item elementor-animated-item--grow\">\n\t\t\t\t\t<span class=\"elementor-cta__button elementor-button elementor-size-md\">\n\t\t\t\t\t\tOsta nyt\t\t\t\t\t<\/span>\n\t\t\t\t\t<\/div>\n\t\t\t\t\t\t\t<\/div>\n\t\t\t\t\t\t<\/a>\n\t\t\t\t<\/div>\n\t\t\t\t<\/div>\n\t\t\t\t\t<\/div>\n\t\t\t\t<\/div>\n\t\t\t\t\t<\/div>\n\t\t\t\t<\/div>\n\t\t\t\t\t<\/div>\n\t\t\t\t<\/div>\n\t\t\t\t<\/div>","protected":false},"excerpt":{"rendered":"<div data-elementor-type=\"section\" data-elementor-id=\"15952\" class=\"elementor elementor-15952\" data-elementor-post-type=\"elementor_library\">\n<div class=\"wd-negative-gap elementor-element elementor-element-49f97e26 e-flex e-con-boxed e-con e-parent\" data-id=\"49f97e26\" data-element_type=\"container\">\n<div class=\"e-con-inner\">\n<div class=\"wd-negative-gap elementor-element elementor-element-449b9556 e-flex e-con-boxed e-con e-child\" data-id=\"449b9556\" data-element_type=\"container\">\n<div class=\"e-con-inner\">\n<div class=\"elementor-element elementor-element-613a7c10 elementor-cta--skin-cover elementor-animated-content elementor-bg-transform elementor-bg-transform-zoom-in elementor-widget elementor-widget-call-to-action\" data-id=\"613a7c10\" data-element_type=\"widget\" data-widget_type=\"call-to-action.default\">\n<div class=\"elementor-widget-container\">\n\t\t\t<link rel=\"stylesheet\" href=\"https:\/\/sakidoll.com\/wp-content\/uploads\/elementor\/css\/custom-pro-widget-call-to-action.min.css?ver=1716102689\">\t\t<a class=\"elementor-cta\" href=\"https:\/\/sakidoll.com\/fi\/seksinukkekuvia\/\"><\/p>\n<div class=\"elementor-cta__bg-wrapper\">\n<div class=\"elementor-cta__bg elementor-bg\" style=\"background-image: url(https:\/\/sakidoll.com\/wp-content\/uploads\/2024\/04\/redirect-1.jpg);\" role=\"img\" aria-label=\"redirect.jpg\"><\/div>\n<div class=\"elementor-cta__bg-overlay\"><\/div>\n<\/p><\/div>\n<div class=\"elementor-cta__content\">\n<h2 class=\"elementor-cta__title elementor-cta__content-item elementor-content-item elementor-animated-item--grow\">\n\t\t\t\t\t\t2500+ pient\u00e4 mini-seksinukkea <\/br>sexdollxxx .com\t\t\t\t\t<\/h2>\n<div class=\"elementor-cta__description elementor-cta__content-item elementor-content-item elementor-animated-item--grow\">\n\t\t\t\t\t\t40cm, 60cm, 80cm, 100cm, 120cm, 140cm\t\t\t\t\t<\/div>\n<div class=\"elementor-cta__button-wrapper elementor-cta__content-item elementor-content-item elementor-animated-item--grow\">\n\t\t\t\t\t<span class=\"elementor-cta__button elementor-button elementor-size-md\"><br \/>\n\t\t\t\t\t\tOsta nyt\t\t\t\t\t<\/span>\n\t\t\t\t\t<\/div>\n<\/p><\/div>\n<p>\t\t\t\t\t\t<\/a>\n\t\t\t\t<\/div>\n<\/p><\/div>\n<\/p><\/div>\n<\/p><\/div>\n<\/p><\/div>\n<\/p><\/div>\n<\/p><\/div>","protected":false},"featured_media":15950,"comment_status":"closed","ping_status":"closed","template":"","meta":[],"product_cat":[778,763,766],"product_tag":[],"aioseo_notices":[],"_links":{"self":[{"href":"https:\/\/sakidoll.com\/fi\/wp-json\/wp\/v2\/product\/21047"}],"collection":[{"href":"https:\/\/sakidoll.com\/fi\/wp-json\/wp\/v2\/product"}],"about":[{"href":"https:\/\/sakidoll.com\/fi\/wp-json\/wp\/v2\/types\/product"}],"replies":[{"embeddable":true,"href":"https:\/\/sakidoll.com\/fi\/wp-json\/wp\/v2\/comments?post=21047"}],"version-history":[{"count":1,"href":"https:\/\/sakidoll.com\/fi\/wp-json\/wp\/v2\/product\/21047\/revisions"}],"predecessor-version":[{"id":21048,"href":"https:\/\/sakidoll.com\/fi\/wp-json\/wp\/v2\/product\/21047\/revisions\/21048"}],"wp:featuredmedia":[{"embeddable":true,"href":"https:\/\/sakidoll.com\/fi\/wp-json\/wp\/v2\/media\/15950"}],"wp:attachment":[{"href":"https:\/\/sakidoll.com\/fi\/wp-json\/wp\/v2\/media?parent=21047"}],"wp:term":[{"taxonomy":"product_cat","embeddable":true,"href":"https:\/\/sakidoll.com\/fi\/wp-json\/wp\/v2\/product_cat?post=21047"},{"taxonomy":"product_tag","embeddable":true,"href":"https:\/\/sakidoll.com\/fi\/wp-json\/wp\/v2\/product_tag?post=21047"}],"curies":[{"name":"wp","href":"https:\/\/api.w.org\/{rel}","templated":true}]}}